{"id":67,"date":"2013-01-08T11:00:46","date_gmt":"2013-01-08T10:00:46","guid":{"rendered":"http:\/\/www.bios.ba\/bios\/?page_id=67"},"modified":"2017-09-27T14:57:18","modified_gmt":"2017-09-27T12:57:18","slug":"proizvodnja-rasada","status":"publish","type":"page","link":"http:\/\/www.bios.ba\/bios\/proizvodnja-rasada\/","title":{"rendered":"Proizvodnja rasada"},"content":{"rendered":"<p><a href=\"http:\/\/www.bios.ba\/bios\/wp-content\/uploads\/2013\/01\/rasad.jpg\"><img loading=\"lazy\" class=\"alignnone wp-image-960 size-full\" src=\"http:\/\/www.bios.ba\/bios\/wp-content\/uploads\/2013\/01\/rasad.jpg\" alt=\"rasad\" width=\"1000\" height=\"700\" srcset=\"http:\/\/www.bios.ba\/bios\/wp-content\/uploads\/2013\/01\/rasad.jpg 1000w, http:\/\/www.bios.ba\/bios\/wp-content\/uploads\/2013\/01\/rasad-300x210.jpg 300w, http:\/\/www.bios.ba\/bios\/wp-content\/uploads\/2013\/01\/rasad-700x490.jpg 700w\" sizes=\"(max-width: 1000px) 100vw, 1000px\" \/><\/a>Bavimo se proizvodnjom povr\u0107a i cvije\u0107a visokog kvaliteta. Proizvodnja rasada se vr\u0161i u staklenicima pod kontrolisanim uslovima.<\/p>\n<p><strong>Proizvodnja prijesadnica:<\/strong><\/p>\n<p>&#8211; <a href=\"http:\/\/www.bios.ba\/bios\/?page_id=175\">paradajza<\/a><br \/>\n&#8211; <a href=\"http:\/\/www.bios.ba\/bios\/?page_id=182\">paprike<\/a><br \/>\n&#8211; <a href=\"http:\/\/www.bios.ba\/bios\/?page_id=189\">krastavaca<\/a><br \/>\n&#8211; <a href=\"http:\/\/www.bios.ba\/bios\/?page_id=194\">patli\u0111ana<\/a><br \/>\n&#8211; <a href=\"http:\/\/www.bios.ba\/bios\/?page_id=199\">dinje<\/a><br \/>\n&#8211; <a href=\"http:\/\/www.bios.ba\/bios\/?page_id=207\">salate<\/a><br \/>\n&#8211; <a href=\"http:\/\/www.bios.ba\/bios\/?page_id=215\">blitve<\/a><br \/>\n&#8211; <a href=\"http:\/\/www.bios.ba\/bios\/?page_id=220\">kupusnja\u0107a<\/a><\/p>\n<p><strong>Proizvodnja i kalemljenje:<\/strong><br \/>\n&#8211; lubenica (na tikvu)<br \/>\n&#8211; paradajz (na patli\u0111an)<\/p>\n<p><strong>Proizvodnja rasada cvije\u0107a:<\/strong><br \/>\n&#8211; usluga sjetve, naklijavanja<br \/>\n&#8211; uzgoj do pakiranja<\/p>\n<p><a href=\"http:\/\/www.bios.ba\/bios\/wp-content\/uploads\/2013\/01\/rasad_01.jpg\" rel=\"attachment wp-att-68\"><img loading=\"lazy\" class=\"alignleft wp-image-68\" style=\"border: 1px solid black; margin: 4px;\" src=\"http:\/\/www.bios.ba\/bios\/wp-content\/uploads\/2013\/01\/rasad_01-300x225.jpg\" alt=\"rasad_01\" width=\"270\" height=\"203\" srcset=\"http:\/\/www.bios.ba\/bios\/wp-content\/uploads\/2013\/01\/rasad_01-300x225.jpg 300w, http:\/\/www.bios.ba\/bios\/wp-content\/uploads\/2013\/01\/rasad_01-1024x768.jpg 1024w\" sizes=\"(max-width: 270px) 100vw, 270px\" \/><\/a> <a href=\"http:\/\/www.bios.ba\/bios\/wp-content\/uploads\/2013\/01\/rasad_02.jpg\" rel=\"attachment wp-att-69\"><img loading=\"lazy\" class=\"alignnone wp-image-69\" style=\"border: 1px solid black; margin: 4px;\" src=\"http:\/\/www.bios.ba\/bios\/wp-content\/uploads\/2013\/01\/rasad_02-300x225.jpg\" alt=\"rasad_02\" width=\"270\" height=\"203\" srcset=\"http:\/\/www.bios.ba\/bios\/wp-content\/uploads\/2013\/01\/rasad_02-300x225.jpg 300w, http:\/\/www.bios.ba\/bios\/wp-content\/uploads\/2013\/01\/rasad_02-1024x768.jpg 1024w\" sizes=\"(max-width: 270px) 100vw, 270px\" \/><\/a> <a href=\"http:\/\/www.bios.ba\/bios\/wp-content\/uploads\/2013\/01\/rasad_03.jpg\" rel=\"attachment wp-att-70\"><img loading=\"lazy\" class=\"alignleft wp-image-70\" style=\"border: 1px solid black; margin: 4px;\" src=\"http:\/\/www.bios.ba\/bios\/wp-content\/uploads\/2013\/01\/rasad_03-300x225.jpg\" alt=\"rasad_03\" width=\"270\" height=\"203\" srcset=\"http:\/\/www.bios.ba\/bios\/wp-content\/uploads\/2013\/01\/rasad_03-300x225.jpg 300w, http:\/\/www.bios.ba\/bios\/wp-content\/uploads\/2013\/01\/rasad_03-1024x768.jpg 1024w, http:\/\/www.bios.ba\/bios\/wp-content\/uploads\/2013\/01\/rasad_03.jpg 1280w\" sizes=\"(max-width: 270px) 100vw, 270px\" \/><\/a> <a href=\"http:\/\/www.bios.ba\/bios\/wp-content\/uploads\/2013\/01\/rasad_04.jpg\" rel=\"attachment wp-att-71\"><img loading=\"lazy\" class=\"alignnone wp-image-71\" style=\"border: 1px solid black; margin: 4px;\" src=\"http:\/\/www.bios.ba\/bios\/wp-content\/uploads\/2013\/01\/rasad_04-300x225.jpg\" alt=\"rasad_04\" width=\"270\" height=\"203\" srcset=\"http:\/\/www.bios.ba\/bios\/wp-content\/uploads\/2013\/01\/rasad_04-300x225.jpg 300w, http:\/\/www.bios.ba\/bios\/wp-content\/uploads\/2013\/01\/rasad_04-1024x768.jpg 1024w, http:\/\/www.bios.ba\/bios\/wp-content\/uploads\/2013\/01\/rasad_04.jpg 1280w\" sizes=\"(max-width: 270px) 100vw, 270px\" \/><\/a><\/p>\n<p>www.bios.ba<\/p>\n","protected":false},"excerpt":{"rendered":"<p>Bavimo se proizvodnjom povr\u0107a i cvije\u0107a visokog kvaliteta. Proizvodnja rasada se vr\u0161i u staklenicima pod kontrolisanim uslovima. Proizvodnja prijesadnica: &#8211; paradajza &#8211; paprike &#8211; krastavaca &#8211; patli\u0111ana &#8211; dinje &#8211; salate &#8211; blitve &#8211; kupusnja\u0107a Proizvodnja i kalemljenje: &#8211; lubenica (na tikvu) &#8211; paradajz (na patli\u0111an) Proizvodnja rasada cvije\u0107a: &#8211; usluga sjetve, naklijavanja &#8211; uzgoj [&hellip;]<\/p>\n","protected":false},"author":1,"featured_media":0,"parent":0,"menu_order":0,"comment_status":"closed","ping_status":"closed","template":"template-content-sidebar.php","meta":[],"rttpg_featured_image_url":null,"rttpg_author":{"display_name":"admin","author_link":"http:\/\/www.bios.ba\/bios\/author\/admin\/"},"rttpg_comment":0,"rttpg_category":null,"rttpg_excerpt":"Bavimo se proizvodnjom povr\u0107a i cvije\u0107a visokog kvaliteta. Proizvodnja rasada se vr\u0161i u staklenicima pod kontrolisanim uslovima. Proizvodnja prijesadnica: &#8211; paradajza &#8211; paprike &#8211; krastavaca &#8211; patli\u0111ana &#8211; dinje &#8211; salate &#8211; blitve &#8211; kupusnja\u0107a Proizvodnja i kalemljenje: &#8211; lubenica (na tikvu) &#8211; paradajz (na patli\u0111an) Proizvodnja rasada cvije\u0107a: &#8211; usluga sjetve, naklijavanja &#8211; uzgoj&hellip;","_links":{"self":[{"href":"http:\/\/www.bios.ba\/bios\/wp-json\/wp\/v2\/pages\/67"}],"collection":[{"href":"http:\/\/www.bios.ba\/bios\/wp-json\/wp\/v2\/pages"}],"about":[{"href":"http:\/\/www.bios.ba\/bios\/wp-json\/wp\/v2\/types\/page"}],"author":[{"embeddable":true,"href":"http:\/\/www.bios.ba\/bios\/wp-json\/wp\/v2\/users\/1"}],"replies":[{"embeddable":true,"href":"http:\/\/www.bios.ba\/bios\/wp-json\/wp\/v2\/comments?post=67"}],"version-history":[{"count":1,"href":"http:\/\/www.bios.ba\/bios\/wp-json\/wp\/v2\/pages\/67\/revisions"}],"predecessor-version":[{"id":1499,"href":"http:\/\/www.bios.ba\/bios\/wp-json\/wp\/v2\/pages\/67\/revisions\/1499"}],"wp:attachment":[{"href":"http:\/\/www.bios.ba\/bios\/wp-json\/wp\/v2\/media?parent=67"}],"curies":[{"name":"wp","href":"https:\/\/api.w.org\/{rel}","templated":true}]}}